{"id":190,"date":"2020-04-05T22:49:30","date_gmt":"2020-04-05T20:49:30","guid":{"rendered":"http:\/\/www.kredler.de\/?page_id=190"},"modified":"2020-04-06T10:31:25","modified_gmt":"2020-04-06T08:31:25","slug":"karl-max-von-bauernfeind-medaille","status":"publish","type":"page","link":"https:\/\/www.kredler.de\/?page_id=190","title":{"rendered":"Karl Max von Bauernfeind-Medaille"},"content":{"rendered":"<p><img decoding=\"async\" src=\"http:\/\/kredler.de\/wp-content\/uploads\/2018\/07\/praes_kr2.jpg\" alt=\"P und Kredler KMvB-Medaille\" width=\"500\" \/><br \/>\nFoto: Faces by Frank<\/p>\n<p>Aus der Laudatio von TUM-Pr\u00e4sident Prof. Wolfgang A. Herrmann im Dezember 2002:<br \/>\n\u201eDr. Christian Kredler wurde die Karl Max von Bauernfeind-Medaille \u00bbin W\u00fcrdigung seiner au\u00dferordentlichen Verdienste f\u00fcr die Technische Universit\u00e4t M\u00fcnchen, insbesondere in Hinblick auf seinen Einsatz in der Verbesserung der akademischen Lehre und Selbstverwaltung sowie in der Konzeption und Umsetzung der Reformprojekte der Fakult\u00e4tf\u00fcr Mathematik und der gesamten Technischen Universit\u00e4t M\u00fcnchen\u00ab verliehen.\u201c<br \/>\nDie <a href=\"http:\/\/kredler.de\/wp-content\/uploads\/2018\/07\/TUM_Mitt_2003_1.pdf\" target=\"_blank\" rel=\"noopener noreferrer\">TUM-Mitteilungen 1\/2003<\/a> erg\u00e4nzen:<\/p>\n<p>\u201eChristian Kredler, Akademischer Direktor am Zentrum Mathematik der TUM, ist seit November 1977 an der Universit\u00e4t t\u00e4tig. Mit Engagement und \u00dcberzeugung hat er an einer Vielzahl von Reformprojekten mitgewirkt, die das \u00f6ffentliche Ansehen des Fachs und der Fakult\u00e4t f\u00fcr Mathematik sehr gest\u00e4rkt haben. Als Pr\u00fcfungsschriftf\u00fchrer obliegt ihm die Redaktion s\u00e4mtlicher Studien- und Pr\u00fcfungsordnungen der Fakult\u00e4t. In dieser Funktion leistet er seit Jahren einen bedeutenden Beitrag f\u00fcr die Modernisierung des mathematischen Studienangebotes an der TUM.<br \/>\nKredler k\u00fcmmert sich mit besonderem Engagement um die Au\u00dfendarstellung der Fakult\u00e4t, insbesondere an den Schnittstellen Schule\/Hochschule und Hochschule\/Wirtschaft.<br \/>\nAll dies hat wesentlich dazu beigetragen, dass inzwischen mehr als die H\u00e4lfte aller bayerischen Mathematikstudenten an der TUM studiert.<br \/>\nZudem hat Kredler intensiv an der Entwicklung eines innovativen Zulassungsverfahrens, der so genannten Eignungsfeststellung, mitgewirkt, die es der Hochschule in diesem Wintersemester erstmals erlaubte, ihre Studienbewerber in grundst\u00e4ndigen Studieng\u00e4ngen selbst auszuw\u00e4hlen. Christian Kredler hat einen wesentlichen Beitrag zur hohen Akzeptanz bei allen Beteiligten und zu einem reibungslosen Ablauf des Auswahlverfahrens geleistet.\u201c<\/p>\n<p><img decoding=\"async\" src=\"http:\/\/kredler.de\/wp-content\/uploads\/2020\/04\/Ma_Ch_KMvB-Medaille_1024x768.jpg\" alt=\"Ma und Ch KMvB-Medaille\" width=\"500\" \/><br \/>\nMarianne freut sich mit Christian \u00fcber die Medaille, Foto: Faces by Frank<\/p>\n","protected":false},"excerpt":{"rendered":"<p>Foto: Faces by Frank Aus der Laudatio von TUM-Pr\u00e4sident Prof. Wolfgang A. Herrmann im Dezember 2002: \u201eDr. Christian Kredler wurde die Karl Max von Bauernfeind-Medaille \u00bbin W\u00fcrdigung seiner au\u00dferordentlichen Verdienste f\u00fcr die Technische Universit\u00e4t M\u00fcnchen, insbesondere in Hinblick auf seinen Einsatz in der Verbesserung der akademischen Lehre und Selbstverwaltung sowie in der Konzeption und Umsetzung [&hellip;]<\/p>\n","protected":false},"author":1,"featured_media":0,"parent":0,"menu_order":0,"comment_status":"closed","ping_status":"closed","template":"","meta":{"footnotes":""},"class_list":["post-190","page","type-page","status-publish","hentry"],"_links":{"self":[{"href":"https:\/\/www.kredler.de\/index.php?rest_route=\/wp\/v2\/pages\/190"}],"collection":[{"href":"https:\/\/www.kredler.de\/index.php?rest_route=\/wp\/v2\/pages"}],"about":[{"href":"https:\/\/www.kredler.de\/index.php?rest_route=\/wp\/v2\/types\/page"}],"author":[{"embeddable":true,"href":"https:\/\/www.kredler.de\/index.php?rest_route=\/wp\/v2\/users\/1"}],"replies":[{"embeddable":true,"href":"https:\/\/www.kredler.de\/index.php?rest_route=%2Fwp%2Fv2%2Fcomments&post=190"}],"version-history":[{"count":8,"href":"https:\/\/www.kredler.de\/index.php?rest_route=\/wp\/v2\/pages\/190\/revisions"}],"predecessor-version":[{"id":223,"href":"https:\/\/www.kredler.de\/index.php?rest_route=\/wp\/v2\/pages\/190\/revisions\/223"}],"wp:attachment":[{"href":"https:\/\/www.kredler.de\/index.php?rest_route=%2Fwp%2Fv2%2Fmedia&parent=190"}],"curies":[{"name":"wp","href":"https:\/\/api.w.org\/{rel}","templated":true}]}}