{"id":155,"date":"2020-04-05T21:21:35","date_gmt":"2020-04-05T19:21:35","guid":{"rendered":"http:\/\/www.kredler.de\/?page_id=155"},"modified":"2023-01-12T19:54:12","modified_gmt":"2023-01-12T18:54:12","slug":"dr-christian-kredler","status":"publish","type":"page","link":"https:\/\/www.kredler.de\/?page_id=155","title":{"rendered":"Dr. Christian Kredler"},"content":{"rendered":"<p><img decoding=\"async\" src=\"http:\/\/kredler.de\/wp-content\/uploads\/2020\/04\/20190127_DStip_Ch_Brustbild.jpg\" alt=\"Bild Kredler\" width=\"300\" \/><\/p>\n<p><strong>Dr. Christian Kredler<\/strong><br \/>\n<strong>Ltd. Akad. Dir. i.R. an der TUM<\/strong><\/p>\n<p>2019: <a href=\"http:\/\/www.kredler.de\/?page_id=172\" target=\"_blank\" rel=\"noopener noreferrer\">Ehefrau Marianne<\/a> gestorben<\/p>\n<p>2015 bis 2020: CPA-Baubeauftragter der TUM<br \/>\nCPA Center for Functional Protein Assemblies<\/p>\n<p>2008 bis 31.03.2015:<br \/>\nBeauftragter des TUM-Pr\u00e4sidenten f\u00fcr die Studienorganisation,<br \/>\ninsbesondere zur Bew\u00e4ltigung des Doppelten Abijahrgangs; u.a.<br \/>\n<a href=\"http:\/\/www.kredler.de\/?page_id=204\" target=\"_blank\" rel=\"noopener noreferrer\">TUM twoinone mit Begr\u00fc\u00dfungsvideo<\/a><\/p>\n<p>2002:<br \/>\n<a href=\"http:\/\/www.kredler.de\/?page_id=190\" target=\"_blank\" rel=\"noopener noreferrer\">Karl Max von Bauernfeind-Medaille der TUM<\/a><\/p>\n<p>1998 bis 2015:<br \/>\n\u2013 Fakult\u00e4tsreferent Mathematik<br \/>\n\u2013 sp\u00e4ter: Leiter Studiensekretariat Mathematik<\/p>\n<p>1997 bis 1999:<br \/>\nWiss. Assistent am Lehrstuhl Mathematische Statistik (Prof. Kl\u00fcppelberg)<\/p>\n<p>seit 1997: <a href=\"http:\/\/www.kredler.de\/?page_id=225\" target=\"_blank\" rel=\"noopener noreferrer\">Landhaus Am Langen Steg<\/a><\/p>\n<p>1994 bis 2015:<br \/>\nSchriftf\u00fchrer Mathematische Diplomstudieng\u00e4nge an der TUM<\/p>\n<p>1981: Promotion<\/p>\n<p>1977 bis 1997:<br \/>\nWiss. Assistent am Lehrstuhl Angewandte Mathematik<br \/>\n(Prof. Heinhold, ab 1982: Prof. Ritter)<\/p>\n<p>1977 bis 1982: Geburt der Kinder Matthias, Judith und Eva-Maria<\/p>\n<p>ab 1975: Lebensmittelpunkt wird M\u00fcnchen<\/p>\n<p>1974: Hochzeit mit <a href=\"http:\/\/www.kredler.de\/?page_id=172\" target=\"_blank\" rel=\"noopener noreferrer\">Marianne Trummer<\/a> aus Vilseck<\/p>\n<p>1972 bis 1977:<br \/>\nStudium Mathematik mit Nebenfach Informatik<br \/>\nan der TUM<\/p>\n<p>1970 bis 1972: Wehrdienst<\/p>\n<p>1970: Abitur am Kepler-Gymnasium Weiden<\/p>\n<p>ca. 1960 bis 1977: Mitarbeit im elterlichen Betrieb (B\u00e4ckerei und Lebensmittelmarkt)<\/p>\n<p>1956 bis 1961: Volksschule Vilseck\/Opf.<\/p>\n<p>1951 bis 1970: aufgewachsen in Vilseck<\/p>\n<p>Ende 1949: geboren in Gebenbach<br \/>\nEltern. Karl Kredler, B\u00e4ckermeister, geb. in K\u00f6dritz bei Vilseck<br \/>\nTheresia Kredler, geb. in Wurmsham\/Niederbayern<\/p>\n<p><a href=\"http:\/\/kredler.de\/wp-content\/uploads\/2018\/06\/Publikationen_Christian_Kredler.pdf\" target=\"_blank\" rel=\"noopener noreferrer\">Publikationen<\/a><\/p>\n","protected":false},"excerpt":{"rendered":"<p>Dr. Christian Kredler Ltd. Akad. Dir. i.R. an der TUM 2019: Ehefrau Marianne gestorben 2015 bis 2020: CPA-Baubeauftragter der TUM CPA Center for Functional Protein Assemblies 2008 bis 31.03.2015: Beauftragter des TUM-Pr\u00e4sidenten f\u00fcr die Studienorganisation, insbesondere zur Bew\u00e4ltigung des Doppelten Abijahrgangs; u.a. TUM twoinone mit Begr\u00fc\u00dfungsvideo 2002: Karl Max von Bauernfeind-Medaille der TUM 1998 bis [&hellip;]<\/p>\n","protected":false},"author":1,"featured_media":0,"parent":0,"menu_order":0,"comment_status":"closed","ping_status":"closed","template":"","meta":{"footnotes":""},"class_list":["post-155","page","type-page","status-publish","hentry"],"_links":{"self":[{"href":"https:\/\/www.kredler.de\/index.php?rest_route=\/wp\/v2\/pages\/155"}],"collection":[{"href":"https:\/\/www.kredler.de\/index.php?rest_route=\/wp\/v2\/pages"}],"about":[{"href":"https:\/\/www.kredler.de\/index.php?rest_route=\/wp\/v2\/types\/page"}],"author":[{"embeddable":true,"href":"https:\/\/www.kredler.de\/index.php?rest_route=\/wp\/v2\/users\/1"}],"replies":[{"embeddable":true,"href":"https:\/\/www.kredler.de\/index.php?rest_route=%2Fwp%2Fv2%2Fcomments&post=155"}],"version-history":[{"count":18,"href":"https:\/\/www.kredler.de\/index.php?rest_route=\/wp\/v2\/pages\/155\/revisions"}],"predecessor-version":[{"id":266,"href":"https:\/\/www.kredler.de\/index.php?rest_route=\/wp\/v2\/pages\/155\/revisions\/266"}],"wp:attachment":[{"href":"https:\/\/www.kredler.de\/index.php?rest_route=%2Fwp%2Fv2%2Fmedia&parent=155"}],"curies":[{"name":"wp","href":"https:\/\/api.w.org\/{rel}","templated":true}]}}